{"id":73799,"date":"2019-06-28T23:00:59","date_gmt":"2019-06-28T20:00:59","guid":{"rendered":"https:\/\/www.tantraestonia.ee\/sundmused-tudrukuteohtu\/"},"modified":"2025-01-01T23:13:45","modified_gmt":"2025-01-01T21:13:45","slug":"girls-night-out","status":"publish","type":"page","link":"https:\/\/tantraestonia.ee\/en\/girls-night-out\/","title":{"rendered":"Girls Night Out"},"content":{"rendered":"<div class=\"wpb-content-wrapper\"><p>[vc_row row_height_percent=&#8221;0&#8243; override_padding=&#8221;yes&#8221; h_padding=&#8221;2&#8243; top_padding=&#8221;0&#8243; bottom_padding=&#8221;0&#8243; overlay_alpha=&#8221;50&#8243; gutter_size=&#8221;3&#8243; column_width_percent=&#8221;100&#8243; shift_y=&#8221;0&#8243; z_index=&#8221;0&#8243;][vc_column column_width_percent=&#8221;100&#8243; gutter_size=&#8221;3&#8243; override_padding=&#8221;yes&#8221; column_padding=&#8221;2&#8243; back_color=&#8221;color-xsdn&#8221; overlay_alpha=&#8221;50&#8243; shift_x=&#8221;0&#8243; shift_y=&#8221;-4a&#8221; shift_y_fixed=&#8221;yes&#8221; shift_y_down=&#8221;0&#8243; z_index=&#8221;0&#8243; medium_width=&#8221;0&#8243; mobile_width=&#8221;0&#8243; width=&#8221;1\/1&#8243;][vc_row_inner row_inner_height_percent=&#8221;0&#8243; overlay_alpha=&#8221;50&#8243; equal_height=&#8221;yes&#8221; gutter_size=&#8221;0&#8243; shift_y=&#8221;0&#8243; z_index=&#8221;0&#8243;][vc_column_inner column_width_percent=&#8221;100&#8243; position_vertical=&#8221;middle&#8221; align_horizontal=&#8221;align_right&#8221; gutter_size=&#8221;3&#8243; override_padding=&#8221;yes&#8221; column_padding=&#8221;2&#8243; overlay_alpha=&#8221;50&#8243; border_color=&#8221;accent&#8221; border_style=&#8221;solid&#8221; shift_x=&#8221;0&#8243; shift_y=&#8221;0&#8243; shift_y_down=&#8221;0&#8243; z_index=&#8221;0&#8243; medium_width=&#8221;2&#8243; align_mobile=&#8221;align_center_mobile&#8221; mobile_width=&#8221;0&#8243; width=&#8221;3\/12&#8243; css=&#8221;.vc_custom_1505471166625{border-right-width: 2px !important;}&#8221;][vc_custom_heading heading_semantic=&#8221;h3&#8243; text_font=&#8221;font-202503&#8243; text_size=&#8221;h3&#8243; text_weight=&#8221;200&#8243; text_transform=&#8221;uppercase&#8221; text_space=&#8221;fontspace-781688&#8243;]<img decoding=\"async\" class=\"alignnone size-medium wp-image-73623\" src=\"https:\/\/tantraestonia.ee\/wp-content\/uploads\/2019\/06\/T\u00fcdrukute\u00f5htu_TantraEstonia-300x150.jpg\" alt=\"T\u00fcdrukute\u00f5htu_TantraEstonia\" width=\"300\" height=\"150\" srcset=\"https:\/\/tantraestonia.ee\/wp-content\/uploads\/2019\/06\/T\u00fcdrukute\u00f5htu_TantraEstonia-300x150.jpg 300w, https:\/\/tantraestonia.ee\/wp-content\/uploads\/2019\/06\/T\u00fcdrukute\u00f5htu_TantraEstonia-600x300.jpg 600w, https:\/\/tantraestonia.ee\/wp-content\/uploads\/2019\/06\/T\u00fcdrukute\u00f5htu_TantraEstonia-768x384.jpg 768w, https:\/\/tantraestonia.ee\/wp-content\/uploads\/2019\/06\/T\u00fcdrukute\u00f5htu_TantraEstonia.jpg 1000w\" sizes=\"(max-width: 300px) 100vw, 300px\" \/>[\/vc_custom_heading][\/vc_column_inner][vc_column_inner column_width_percent=&#8221;100&#8243; position_vertical=&#8221;middle&#8221; gutter_size=&#8221;3&#8243; override_padding=&#8221;yes&#8221; column_padding=&#8221;2&#8243; overlay_alpha=&#8221;50&#8243; shift_x=&#8221;0&#8243; shift_y=&#8221;0&#8243; shift_y_down=&#8221;0&#8243; z_index=&#8221;0&#8243; medium_width=&#8221;6&#8243; align_mobile=&#8221;align_center_mobile&#8221; mobile_width=&#8221;0&#8243; width=&#8221;9\/12&#8243;][vc_custom_heading text_color=&#8221;accent&#8221; subheading=&#8221;<\/p>\n<h4>Self-awareness, Love and acceptance are the foundation of a happy family!<\/h4>\n<p>&#8221; uncode_shortcode_id=&#8221;950735&#8243; text_color_type=&#8221;uncode-palette&#8221;]Girls Night Out[\/vc_custom_heading][\/vc_column_inner][\/vc_row_inner][\/vc_column][\/vc_row][vc_row row_height_percent=&#8221;0&#8243; back_image=&#8221;65484&#8243; back_repeat=&#8221;no-repeat&#8221; back_attachment=&#8221;fixed&#8221; back_position=&#8221;right top&#8221; parallax=&#8221;yes&#8221; overlay_alpha=&#8221;50&#8243; gutter_size=&#8221;3&#8243; column_width_percent=&#8221;100&#8243; shift_y=&#8221;0&#8243; z_index=&#8221;0&#8243; back_size=&#8221;contain&#8221;][vc_column column_width_percent=&#8221;100&#8243; gutter_size=&#8221;3&#8243; overlay_alpha=&#8221;50&#8243; shift_x=&#8221;0&#8243; shift_y=&#8221;0&#8243; shift_y_down=&#8221;0&#8243; z_index=&#8221;0&#8243; medium_width=&#8221;0&#8243; mobile_width=&#8221;0&#8243; width=&#8221;1\/1&#8243;][vc_column_text]<img decoding=\"async\" class=\"aligncenter wp-image-69489 size-full\" src=\"https:\/\/tantraestonia.ee\/wp-content\/uploads\/2017\/05\/floral-decor.png\" alt=\"floral-decor\" width=\"69\" height=\"24\" \/>[\/vc_column_text][vc_row_inner][vc_column_inner width=&#8221;1\/2&#8243;][vc_column_text uncode_shortcode_id=&#8221;171992&#8243;]<\/p>\n<h4>Make a wonderful gift to yourself or a best friend &#8211; book an exciting Tantra game!<\/h4>\n<h5>Tantra Game &#8220;Sea of \u200b\u200bLove<\/h5>\n<p>In the game, you will discover yourself and others from a new perspective, grow self-love, self acceptance, inner freedom and joy, discover different Love Languages, and find out your Love Language, find out the secrets of loving and truly intimate relationship.<\/p>\n<p>Number of participants: 3-5, 50 \u20ac per participant<br \/>\nNumber of participants: 6-10, 40 \u20ac per participant<\/p>\n<p>Game duration: 2 hours<\/p>\n<h5>I will be happy to organise a Game at your place or welcome you at my studio (an additional fee of 50 \u20ac will apply).<\/h5>\n<p><strong>An additional 20% is added to the game\u2019s fee on weekends (Saturday, Sunday) and public holidays!<\/strong><\/p>\n<h5>Please ask, I also organise games outside Estonia.<\/h5>\n<p>[\/vc_column_text][vc_column_text]<strong>I will be glad to answer your questions and make you a special offer!<br \/>\nCall me\/WhatsApp: +372 53 787 230<br \/>\nE-mail me: <a href=\"mailto:kristiina@tantraestonia.ee\">kristiina@tantraestonia.ee<\/a><\/strong>[\/vc_column_text][\/vc_column_inner][vc_column_inner width=&#8221;1\/2&#8243;][vc_column_text][\/vc_column_text]\n<div class=\"wpcf7 no-js\" id=\"wpcf7-f73805-o1\" lang=\"ru-RU\" dir=\"ltr\" data-wpcf7-id=\"73805\">\n<div class=\"screen-reader-response\"><p role=\"status\" aria-live=\"polite\" aria-atomic=\"true\"><\/p> <ul><\/ul><\/div>\n<form action=\"\/en\/wp-json\/wp\/v2\/pages\/73799#wpcf7-f73805-o1\" method=\"post\" class=\"wpcf7-form init\" aria-label=\"\u041a\u043e\u043d\u0442\u0430\u043a\u0442\u043d\u0430\u044f \u0444\u043e\u0440\u043c\u0430\" novalidate=\"novalidate\" data-status=\"init\">\n<fieldset class=\"hidden-fields-container\"><input type=\"hidden\" name=\"_wpcf7\" value=\"73805\" \/><input type=\"hidden\" name=\"_wpcf7_version\" value=\"6.1.5\" \/><input type=\"hidden\" name=\"_wpcf7_locale\" value=\"ru_RU\" \/><input type=\"hidden\" name=\"_wpcf7_unit_tag\" value=\"wpcf7-f73805-o1\" \/><input type=\"hidden\" name=\"_wpcf7_container_post\" value=\"0\" \/><input type=\"hidden\" name=\"_wpcf7_posted_data_hash\" value=\"\" \/><input type=\"hidden\" name=\"_wpcf7_recaptcha_response\" value=\"\" \/>\n<\/fieldset>\n<div class=\"wpcf7-inline-wrapper\">\n\t<p class=\"wpcf7-inline-field\"><span class=\"wpcf7-form-control-wrap\" data-name=\"text-506\"><input size=\"40\" maxlength=\"400\" class=\"wpcf7-form-control wpcf7-text wpcf7-validates-as-required\" aria-required=\"true\" aria-invalid=\"false\" placeholder=\"Your first and last name\" value=\"\" type=\"text\" name=\"text-506\" \/><\/span>\n\t<\/p>\n\t<p class=\"wpcf7-inline-field\"><span class=\"wpcf7-form-control-wrap\" data-name=\"menu-247\"><select class=\"wpcf7-form-control wpcf7-select wpcf7-validates-as-required\" aria-required=\"true\" aria-invalid=\"false\" name=\"menu-247\"><option value=\"\">Number of participants<\/option><option value=\"3-5\">3-5<\/option><option value=\"6-10\">6-10<\/option><\/select><\/span>\n\t<\/p>\n<\/div>\n<div class=\"wpcf7-inline-wrapper\">\n\t<p class=\"wpcf7-inline-field\"><span class=\"wpcf7-form-control-wrap\" data-name=\"your-email\"><input size=\"40\" maxlength=\"400\" class=\"wpcf7-form-control wpcf7-email wpcf7-validates-as-required wpcf7-text wpcf7-validates-as-email\" aria-required=\"true\" aria-invalid=\"false\" placeholder=\"Your e-mail\" value=\"\" type=\"email\" name=\"your-email\" \/><\/span>\n\t<\/p>\n\t<p class=\"wpcf7-inline-field\"><span class=\"wpcf7-form-control-wrap\" data-name=\"tel-839\"><input size=\"40\" maxlength=\"400\" class=\"wpcf7-form-control wpcf7-tel wpcf7-validates-as-required wpcf7-text wpcf7-validates-as-tel\" aria-required=\"true\" aria-invalid=\"false\" placeholder=\"Your mobile phone number\" value=\"\" type=\"tel\" name=\"tel-839\" \/><\/span>\n\t<\/p>\n<\/div>\n<p><input class=\"wpcf7-form-control wpcf7-submit has-spinner btn btn-accent ban-block\" type=\"submit\" value=\"Book a game\" \/>\n<\/p><div class=\"wpcf7-response-output\" aria-hidden=\"true\"><\/div>\n<\/form>\n<\/div>\n[vc_empty_space empty_h=&#8221;2&#8243;][vc_column_text text_lead=&#8221;yes&#8221; css=&#8221;.vc_custom_1620213339246{margin-bottom: -45px !important;}&#8221;]<\/p>\n<h4 style=\"text-align: center;\">Customers Reviews<\/h4>\n<p>[\/vc_column_text][uncode_index el_id=&#8221;index-621172&#8243; index_type=&#8221;carousel&#8221; loop=&#8221;size:5|order_by:date|post_type:post|categories:99&#8243; carousel_lg=&#8221;1&#8243; carousel_md=&#8221;1&#8243; carousel_sm=&#8221;1&#8243; gutter_size=&#8221;3&#8243; post_items=&#8221;text|full&#8221; carousel_interval=&#8221;5000&#8243; carousel_navspeed=&#8221;700&#8243; carousel_loop=&#8221;yes&#8221; carousel_nav=&#8221;yes&#8221; stage_padding=&#8221;0&#8243; single_overlay_opacity=&#8221;50&#8243; single_padding=&#8221;2&#8243;][\/vc_column_inner][\/vc_row_inner][vc_column_text]<img decoding=\"async\" class=\"aligncenter wp-image-69489 size-full\" src=\"https:\/\/tantraestonia.ee\/wp-content\/uploads\/2017\/05\/floral-decor.png\" alt=\"floral-decor\" width=\"69\" height=\"24\" \/>[\/vc_column_text][vc_row_inner][vc_column_inner column_width_percent=&#8221;100&#8243; align_horizontal=&#8221;align_center&#8221; gutter_size=&#8221;3&#8243; overlay_alpha=&#8221;50&#8243; shift_x=&#8221;0&#8243; shift_y=&#8221;0&#8243; shift_y_down=&#8221;0&#8243; z_index=&#8221;0&#8243; medium_width=&#8221;0&#8243; mobile_width=&#8221;0&#8243; width=&#8221;1\/1&#8243;][uncode_share layout=&#8221;multiple&#8221; title=&#8221;Jaga seda s\u00f5pradega&#8221;][\/vc_column_inner][\/vc_row_inner][\/vc_column][\/vc_row]<\/p>\n<\/div>","protected":false},"excerpt":{"rendered":"<p>[vc_row row_height_percent=&#8221;0&#8243; override_padding=&#8221;yes&#8221; h_padding=&#8221;2&#8243; top_padding=&#8221;0&#8243; bottom_padding=&#8221;0&#8243; overlay_alpha=&#8221;50&#8243; gutter_size=&#8221;3&#8243; column_width_percent=&#8221;100&#8243; shift_y=&#8221;0&#8243; z_index=&#8221;0&#8243;][vc_column column_width_percent=&#8221;100&#8243; gutter_size=&#8221;3&#8243; override_padding=&#8221;yes&#8221; column_padding=&#8221;2&#8243; back_color=&#8221;color-xsdn&#8221; overlay_alpha=&#8221;50&#8243; shift_x=&#8221;0&#8243; shift_y=&#8221;-4a&#8221; shift_y_fixed=&#8221;yes&#8221; [&hellip;]<\/p>\n","protected":false},"author":2,"featured_media":73623,"parent":0,"menu_order":0,"comment_status":"closed","ping_status":"closed","template":"","meta":{"footnotes":""},"class_list":["post-73799","page","type-page","status-publish","has-post-thumbnail","hentry"],"yoast_head":"<!-- This site is optimized with the Yoast SEO plugin v26.8 - https:\/\/yoast.com\/product\/yoast-seo-wordpress\/ -->\n<title>Girls Night Out - TANTRA ESTONIA<\/title>\n<meta name=\"description\" content=\"Book an exciting and fun Tantra game Sea Of Love for your Girls night out, your birthday or any other event!\" \/>\n<meta name=\"robots\" content=\"index, follow, max-snippet:-1, max-image-preview:large, max-video-preview:-1\" \/>\n<link rel=\"canonical\" href=\"https:\/\/tantraestonia.ee\/en\/girls-night-out\/\" \/>\n<meta property=\"og:locale\" content=\"en_US\" \/>\n<meta property=\"og:type\" content=\"article\" \/>\n<meta property=\"og:title\" content=\"Girls Night Out - TANTRA ESTONIA\" \/>\n<meta property=\"og:description\" content=\"Book an exciting and fun Tantra game Sea Of Love for your Girls night out, your birthday or any other event!\" \/>\n<meta property=\"og:url\" content=\"https:\/\/tantraestonia.ee\/en\/girls-night-out\/\" \/>\n<meta property=\"og:site_name\" content=\"TANTRA ESTONIA\" \/>\n<meta property=\"article:publisher\" content=\"#\" \/>\n<meta property=\"article:modified_time\" content=\"2025-01-01T21:13:45+00:00\" \/>\n<meta property=\"og:image\" content=\"https:\/\/tantraestonia.ee\/wp-content\/uploads\/2019\/06\/T\u00fcdrukute\u00f5htu_TantraEstonia.jpg\" \/>\n\t<meta property=\"og:image:width\" content=\"1000\" \/>\n\t<meta property=\"og:image:height\" content=\"500\" \/>\n\t<meta property=\"og:image:type\" content=\"image\/jpeg\" \/>\n<meta name=\"twitter:card\" content=\"summary_large_image\" \/>\n<meta name=\"twitter:label1\" content=\"Est. reading time\" \/>\n\t<meta name=\"twitter:data1\" content=\"3 minutes\" \/>\n<script type=\"application\/ld+json\" class=\"yoast-schema-graph\">{\"@context\":\"https:\/\/schema.org\",\"@graph\":[{\"@type\":\"WebPage\",\"@id\":\"https:\/\/tantraestonia.ee\/en\/girls-night-out\/\",\"url\":\"https:\/\/tantraestonia.ee\/en\/girls-night-out\/\",\"name\":\"Girls Night Out - TANTRA ESTONIA\",\"isPartOf\":{\"@id\":\"https:\/\/tantraestonia.ee\/#website\"},\"primaryImageOfPage\":{\"@id\":\"https:\/\/tantraestonia.ee\/en\/girls-night-out\/#primaryimage\"},\"image\":{\"@id\":\"https:\/\/tantraestonia.ee\/en\/girls-night-out\/#primaryimage\"},\"thumbnailUrl\":\"https:\/\/tantraestonia.ee\/wp-content\/uploads\/2019\/06\/T\u00fcdrukute\u00f5htu_TantraEstonia.jpg\",\"datePublished\":\"2019-06-28T20:00:59+00:00\",\"dateModified\":\"2025-01-01T21:13:45+00:00\",\"description\":\"Book an exciting and fun Tantra game Sea Of Love for your Girls night out, your birthday or any other event!\",\"breadcrumb\":{\"@id\":\"https:\/\/tantraestonia.ee\/en\/girls-night-out\/#breadcrumb\"},\"inLanguage\":\"en-US\",\"potentialAction\":[{\"@type\":\"ReadAction\",\"target\":[\"https:\/\/tantraestonia.ee\/en\/girls-night-out\/\"]}]},{\"@type\":\"ImageObject\",\"inLanguage\":\"en-US\",\"@id\":\"https:\/\/tantraestonia.ee\/en\/girls-night-out\/#primaryimage\",\"url\":\"https:\/\/tantraestonia.ee\/wp-content\/uploads\/2019\/06\/T\u00fcdrukute\u00f5htu_TantraEstonia.jpg\",\"contentUrl\":\"https:\/\/tantraestonia.ee\/wp-content\/uploads\/2019\/06\/T\u00fcdrukute\u00f5htu_TantraEstonia.jpg\",\"width\":1000,\"height\":500,\"caption\":\"T\u00fcdrukute\u00f5htu_TantraEstonia\"},{\"@type\":\"BreadcrumbList\",\"@id\":\"https:\/\/tantraestonia.ee\/en\/girls-night-out\/#breadcrumb\",\"itemListElement\":[{\"@type\":\"ListItem\",\"position\":1,\"name\":\"Home\",\"item\":\"https:\/\/tantraestonia.ee\/en\/\"},{\"@type\":\"ListItem\",\"position\":2,\"name\":\"Girls Night Out\"}]},{\"@type\":\"WebSite\",\"@id\":\"https:\/\/tantraestonia.ee\/#website\",\"url\":\"https:\/\/tantraestonia.ee\/\",\"name\":\"TANTRA ESTONIA\",\"description\":\"Tantra m\u00e4ngud Tallinnas\",\"publisher\":{\"@id\":\"https:\/\/tantraestonia.ee\/#\/schema\/person\/89a3742b25ff38166d0895a300a1d54d\"},\"potentialAction\":[{\"@type\":\"SearchAction\",\"target\":{\"@type\":\"EntryPoint\",\"urlTemplate\":\"https:\/\/tantraestonia.ee\/?s={search_term_string}\"},\"query-input\":{\"@type\":\"PropertyValueSpecification\",\"valueRequired\":true,\"valueName\":\"search_term_string\"}}],\"inLanguage\":\"en-US\"},{\"@type\":[\"Person\",\"Organization\"],\"@id\":\"https:\/\/tantraestonia.ee\/#\/schema\/person\/89a3742b25ff38166d0895a300a1d54d\",\"name\":\"Kristina\",\"image\":{\"@type\":\"ImageObject\",\"inLanguage\":\"en-US\",\"@id\":\"https:\/\/tantraestonia.ee\/#\/schema\/person\/image\/\",\"url\":\"https:\/\/tantraestonia.ee\/wp-content\/uploads\/2017\/08\/3f8124047fede5e9662735e6e70e7137-e1505211085823.jpg\",\"contentUrl\":\"https:\/\/tantraestonia.ee\/wp-content\/uploads\/2017\/08\/3f8124047fede5e9662735e6e70e7137-e1505211085823.jpg\",\"width\":1791,\"height\":1170,\"caption\":\"Kristina\"},\"logo\":{\"@id\":\"https:\/\/tantraestonia.ee\/#\/schema\/person\/image\/\"},\"sameAs\":[\"#\",\"https:\/\/x.com\/#\"]}]}<\/script>\n<!-- \/ Yoast SEO plugin. -->","yoast_head_json":{"title":"Girls Night Out - TANTRA ESTONIA","description":"Book an exciting and fun Tantra game Sea Of Love for your Girls night out, your birthday or any other event!","robots":{"index":"index","follow":"follow","max-snippet":"max-snippet:-1","max-image-preview":"max-image-preview:large","max-video-preview":"max-video-preview:-1"},"canonical":"https:\/\/tantraestonia.ee\/en\/girls-night-out\/","og_locale":"en_US","og_type":"article","og_title":"Girls Night Out - TANTRA ESTONIA","og_description":"Book an exciting and fun Tantra game Sea Of Love for your Girls night out, your birthday or any other event!","og_url":"https:\/\/tantraestonia.ee\/en\/girls-night-out\/","og_site_name":"TANTRA ESTONIA","article_publisher":"#","article_modified_time":"2025-01-01T21:13:45+00:00","og_image":[{"width":1000,"height":500,"url":"https:\/\/tantraestonia.ee\/wp-content\/uploads\/2019\/06\/T\u00fcdrukute\u00f5htu_TantraEstonia.jpg","type":"image\/jpeg"}],"twitter_card":"summary_large_image","twitter_misc":{"Est. reading time":"3 minutes"},"schema":{"@context":"https:\/\/schema.org","@graph":[{"@type":"WebPage","@id":"https:\/\/tantraestonia.ee\/en\/girls-night-out\/","url":"https:\/\/tantraestonia.ee\/en\/girls-night-out\/","name":"Girls Night Out - TANTRA ESTONIA","isPartOf":{"@id":"https:\/\/tantraestonia.ee\/#website"},"primaryImageOfPage":{"@id":"https:\/\/tantraestonia.ee\/en\/girls-night-out\/#primaryimage"},"image":{"@id":"https:\/\/tantraestonia.ee\/en\/girls-night-out\/#primaryimage"},"thumbnailUrl":"https:\/\/tantraestonia.ee\/wp-content\/uploads\/2019\/06\/T\u00fcdrukute\u00f5htu_TantraEstonia.jpg","datePublished":"2019-06-28T20:00:59+00:00","dateModified":"2025-01-01T21:13:45+00:00","description":"Book an exciting and fun Tantra game Sea Of Love for your Girls night out, your birthday or any other event!","breadcrumb":{"@id":"https:\/\/tantraestonia.ee\/en\/girls-night-out\/#breadcrumb"},"inLanguage":"en-US","potentialAction":[{"@type":"ReadAction","target":["https:\/\/tantraestonia.ee\/en\/girls-night-out\/"]}]},{"@type":"ImageObject","inLanguage":"en-US","@id":"https:\/\/tantraestonia.ee\/en\/girls-night-out\/#primaryimage","url":"https:\/\/tantraestonia.ee\/wp-content\/uploads\/2019\/06\/T\u00fcdrukute\u00f5htu_TantraEstonia.jpg","contentUrl":"https:\/\/tantraestonia.ee\/wp-content\/uploads\/2019\/06\/T\u00fcdrukute\u00f5htu_TantraEstonia.jpg","width":1000,"height":500,"caption":"T\u00fcdrukute\u00f5htu_TantraEstonia"},{"@type":"BreadcrumbList","@id":"https:\/\/tantraestonia.ee\/en\/girls-night-out\/#breadcrumb","itemListElement":[{"@type":"ListItem","position":1,"name":"Home","item":"https:\/\/tantraestonia.ee\/en\/"},{"@type":"ListItem","position":2,"name":"Girls Night Out"}]},{"@type":"WebSite","@id":"https:\/\/tantraestonia.ee\/#website","url":"https:\/\/tantraestonia.ee\/","name":"TANTRA ESTONIA","description":"Tantra m\u00e4ngud Tallinnas","publisher":{"@id":"https:\/\/tantraestonia.ee\/#\/schema\/person\/89a3742b25ff38166d0895a300a1d54d"},"potentialAction":[{"@type":"SearchAction","target":{"@type":"EntryPoint","urlTemplate":"https:\/\/tantraestonia.ee\/?s={search_term_string}"},"query-input":{"@type":"PropertyValueSpecification","valueRequired":true,"valueName":"search_term_string"}}],"inLanguage":"en-US"},{"@type":["Person","Organization"],"@id":"https:\/\/tantraestonia.ee\/#\/schema\/person\/89a3742b25ff38166d0895a300a1d54d","name":"Kristina","image":{"@type":"ImageObject","inLanguage":"en-US","@id":"https:\/\/tantraestonia.ee\/#\/schema\/person\/image\/","url":"https:\/\/tantraestonia.ee\/wp-content\/uploads\/2017\/08\/3f8124047fede5e9662735e6e70e7137-e1505211085823.jpg","contentUrl":"https:\/\/tantraestonia.ee\/wp-content\/uploads\/2017\/08\/3f8124047fede5e9662735e6e70e7137-e1505211085823.jpg","width":1791,"height":1170,"caption":"Kristina"},"logo":{"@id":"https:\/\/tantraestonia.ee\/#\/schema\/person\/image\/"},"sameAs":["#","https:\/\/x.com\/#"]}]}},"_links":{"self":[{"href":"https:\/\/tantraestonia.ee\/en\/wp-json\/wp\/v2\/pages\/73799","targetHints":{"allow":["GET"]}}],"collection":[{"href":"https:\/\/tantraestonia.ee\/en\/wp-json\/wp\/v2\/pages"}],"about":[{"href":"https:\/\/tantraestonia.ee\/en\/wp-json\/wp\/v2\/types\/page"}],"author":[{"embeddable":true,"href":"https:\/\/tantraestonia.ee\/en\/wp-json\/wp\/v2\/users\/2"}],"replies":[{"embeddable":true,"href":"https:\/\/tantraestonia.ee\/en\/wp-json\/wp\/v2\/comments?post=73799"}],"version-history":[{"count":5,"href":"https:\/\/tantraestonia.ee\/en\/wp-json\/wp\/v2\/pages\/73799\/revisions"}],"predecessor-version":[{"id":79088,"href":"https:\/\/tantraestonia.ee\/en\/wp-json\/wp\/v2\/pages\/73799\/revisions\/79088"}],"wp:featuredmedia":[{"embeddable":true,"href":"https:\/\/tantraestonia.ee\/en\/wp-json\/wp\/v2\/media\/73623"}],"wp:attachment":[{"href":"https:\/\/tantraestonia.ee\/en\/wp-json\/wp\/v2\/media?parent=73799"}],"curies":[{"name":"wp","href":"https:\/\/api.w.org\/{rel}","templated":true}]}}