{"id":73138,"date":"2018-02-06T02:03:56","date_gmt":"2019-03-15T08:49:52","guid":{"rendered":"http:\/\/www.tantraestonia.ee\/?post_type=product&#038;p=73138"},"modified":"2021-01-02T18:32:59","modified_gmt":"2021-01-02T16:32:59","slug":"gift-card","status":"publish","type":"product","link":"https:\/\/tantraestonia.ee\/en\/toode\/gift-card\/","title":{"rendered":"Gift card"},"content":{"rendered":"","protected":false},"excerpt":{"rendered":"<p>Kinkekaart on kehtiv 3 kuud ning saate seda kasutada k\u00f5ikide teenuste ostmisel. Kui teenus on odavam, kui kinkekaardi v\u00e4\u00e4rtus, siis saate \u00fclej\u00e4\u00e4nud raha kasutada oma j\u00e4rgmise ostuga. Teenuse ostmisel palun esitage kinkekaardi kood.<\/p>\n","protected":false},"featured_media":69747,"template":"","meta":[],"product_brand":[],"product_cat":[],"product_tag":[],"giftcard-category":[],"class_list":{"0":"post-73138","1":"product","2":"type-product","3":"status-publish","4":"has-post-thumbnail","7":"first","8":"instock","9":"virtual","10":"product-type-gift-card"},"yoast_head":"<!-- This site is optimized with the Yoast SEO plugin v26.8 - https:\/\/yoast.com\/product\/yoast-seo-wordpress\/ -->\n<title>Gift card - TANTRA ESTONIA<\/title>\n<meta name=\"description\" content=\"Kinkekaart Tantra Estonia. Kinkekaart kehtib kolm kuud.\" \/>\n<meta name=\"robots\" content=\"index, follow, max-snippet:-1, max-image-preview:large, max-video-preview:-1\" \/>\n<link rel=\"canonical\" href=\"https:\/\/tantraestonia.ee\/toode\/kinkekaart\/\" \/>\n<meta property=\"og:locale\" content=\"en_US\" \/>\n<meta property=\"og:type\" content=\"article\" \/>\n<meta property=\"og:title\" content=\"Gift card - TANTRA ESTONIA\" \/>\n<meta property=\"og:description\" content=\"Kinkekaart Tantra Estonia. Kinkekaart kehtib kolm kuud.\" \/>\n<meta property=\"og:url\" content=\"https:\/\/tantraestonia.ee\/toode\/kinkekaart\/\" \/>\n<meta property=\"og:site_name\" content=\"TANTRA ESTONIA\" \/>\n<meta property=\"article:publisher\" content=\"#\" \/>\n<meta property=\"article:modified_time\" content=\"2021-01-02T16:32:59+00:00\" \/>\n<meta property=\"og:image\" content=\"https:\/\/tantraestonia.ee\/wp-content\/uploads\/2017\/09\/Kinkekaart-e1509988534812.jpg\" \/>\n\t<meta property=\"og:image:width\" content=\"856\" \/>\n\t<meta property=\"og:image:height\" content=\"600\" \/>\n\t<meta property=\"og:image:type\" content=\"image\/jpeg\" \/>\n<meta name=\"twitter:card\" content=\"summary_large_image\" \/>\n<script type=\"application\/ld+json\" class=\"yoast-schema-graph\">{\"@context\":\"https:\/\/schema.org\",\"@graph\":[{\"@type\":\"WebPage\",\"@id\":\"https:\/\/tantraestonia.ee\/toode\/kinkekaart\/\",\"url\":\"https:\/\/tantraestonia.ee\/toode\/kinkekaart\/\",\"name\":\"Gift card - TANTRA ESTONIA\",\"isPartOf\":{\"@id\":\"https:\/\/tantraestonia.ee\/#website\"},\"primaryImageOfPage\":{\"@id\":\"https:\/\/tantraestonia.ee\/toode\/kinkekaart\/#primaryimage\"},\"image\":{\"@id\":\"https:\/\/tantraestonia.ee\/toode\/kinkekaart\/#primaryimage\"},\"thumbnailUrl\":\"https:\/\/tantraestonia.ee\/wp-content\/uploads\/2017\/09\/Kinkekaart-e1509988534812.jpg\",\"datePublished\":\"2019-03-15T08:49:52+00:00\",\"dateModified\":\"2021-01-02T16:32:59+00:00\",\"description\":\"Kinkekaart Tantra Estonia. Kinkekaart kehtib kolm kuud.\",\"breadcrumb\":{\"@id\":\"https:\/\/tantraestonia.ee\/toode\/kinkekaart\/#breadcrumb\"},\"inLanguage\":\"en-US\",\"potentialAction\":[{\"@type\":\"ReadAction\",\"target\":[\"https:\/\/tantraestonia.ee\/toode\/kinkekaart\/\"]}]},{\"@type\":\"ImageObject\",\"inLanguage\":\"en-US\",\"@id\":\"https:\/\/tantraestonia.ee\/toode\/kinkekaart\/#primaryimage\",\"url\":\"https:\/\/tantraestonia.ee\/wp-content\/uploads\/2017\/09\/Kinkekaart-e1509988534812.jpg\",\"contentUrl\":\"https:\/\/tantraestonia.ee\/wp-content\/uploads\/2017\/09\/Kinkekaart-e1509988534812.jpg\",\"width\":856,\"height\":600},{\"@type\":\"BreadcrumbList\",\"@id\":\"https:\/\/tantraestonia.ee\/toode\/kinkekaart\/#breadcrumb\",\"itemListElement\":[{\"@type\":\"ListItem\",\"position\":1,\"name\":\"Home\",\"item\":\"https:\/\/tantraestonia.ee\/en\/\"},{\"@type\":\"ListItem\",\"position\":2,\"name\":\"Pood\",\"item\":\"https:\/\/tantraestonia.ee\/en\/shop\/\"},{\"@type\":\"ListItem\",\"position\":3,\"name\":\"Gift card\"}]},{\"@type\":\"WebSite\",\"@id\":\"https:\/\/tantraestonia.ee\/#website\",\"url\":\"https:\/\/tantraestonia.ee\/\",\"name\":\"TANTRA ESTONIA\",\"description\":\"Tantra m\u00e4ngud Tallinnas\",\"publisher\":{\"@id\":\"https:\/\/tantraestonia.ee\/#\/schema\/person\/89a3742b25ff38166d0895a300a1d54d\"},\"potentialAction\":[{\"@type\":\"SearchAction\",\"target\":{\"@type\":\"EntryPoint\",\"urlTemplate\":\"https:\/\/tantraestonia.ee\/?s={search_term_string}\"},\"query-input\":{\"@type\":\"PropertyValueSpecification\",\"valueRequired\":true,\"valueName\":\"search_term_string\"}}],\"inLanguage\":\"en-US\"},{\"@type\":[\"Person\",\"Organization\"],\"@id\":\"https:\/\/tantraestonia.ee\/#\/schema\/person\/89a3742b25ff38166d0895a300a1d54d\",\"name\":\"Kristina\",\"image\":{\"@type\":\"ImageObject\",\"inLanguage\":\"en-US\",\"@id\":\"https:\/\/tantraestonia.ee\/#\/schema\/person\/image\/\",\"url\":\"https:\/\/tantraestonia.ee\/wp-content\/uploads\/2017\/08\/3f8124047fede5e9662735e6e70e7137-e1505211085823.jpg\",\"contentUrl\":\"https:\/\/tantraestonia.ee\/wp-content\/uploads\/2017\/08\/3f8124047fede5e9662735e6e70e7137-e1505211085823.jpg\",\"width\":1791,\"height\":1170,\"caption\":\"Kristina\"},\"logo\":{\"@id\":\"https:\/\/tantraestonia.ee\/#\/schema\/person\/image\/\"},\"sameAs\":[\"#\",\"https:\/\/x.com\/#\"]}]}<\/script>\n<!-- \/ Yoast SEO plugin. -->","yoast_head_json":{"title":"Gift card - TANTRA ESTONIA","description":"Kinkekaart Tantra Estonia. Kinkekaart kehtib kolm kuud.","robots":{"index":"index","follow":"follow","max-snippet":"max-snippet:-1","max-image-preview":"max-image-preview:large","max-video-preview":"max-video-preview:-1"},"canonical":"https:\/\/tantraestonia.ee\/toode\/kinkekaart\/","og_locale":"en_US","og_type":"article","og_title":"Gift card - TANTRA ESTONIA","og_description":"Kinkekaart Tantra Estonia. Kinkekaart kehtib kolm kuud.","og_url":"https:\/\/tantraestonia.ee\/toode\/kinkekaart\/","og_site_name":"TANTRA ESTONIA","article_publisher":"#","article_modified_time":"2021-01-02T16:32:59+00:00","og_image":[{"width":856,"height":600,"url":"https:\/\/tantraestonia.ee\/wp-content\/uploads\/2017\/09\/Kinkekaart-e1509988534812.jpg","type":"image\/jpeg"}],"twitter_card":"summary_large_image","schema":{"@context":"https:\/\/schema.org","@graph":[{"@type":"WebPage","@id":"https:\/\/tantraestonia.ee\/toode\/kinkekaart\/","url":"https:\/\/tantraestonia.ee\/toode\/kinkekaart\/","name":"Gift card - TANTRA ESTONIA","isPartOf":{"@id":"https:\/\/tantraestonia.ee\/#website"},"primaryImageOfPage":{"@id":"https:\/\/tantraestonia.ee\/toode\/kinkekaart\/#primaryimage"},"image":{"@id":"https:\/\/tantraestonia.ee\/toode\/kinkekaart\/#primaryimage"},"thumbnailUrl":"https:\/\/tantraestonia.ee\/wp-content\/uploads\/2017\/09\/Kinkekaart-e1509988534812.jpg","datePublished":"2019-03-15T08:49:52+00:00","dateModified":"2021-01-02T16:32:59+00:00","description":"Kinkekaart Tantra Estonia. Kinkekaart kehtib kolm kuud.","breadcrumb":{"@id":"https:\/\/tantraestonia.ee\/toode\/kinkekaart\/#breadcrumb"},"inLanguage":"en-US","potentialAction":[{"@type":"ReadAction","target":["https:\/\/tantraestonia.ee\/toode\/kinkekaart\/"]}]},{"@type":"ImageObject","inLanguage":"en-US","@id":"https:\/\/tantraestonia.ee\/toode\/kinkekaart\/#primaryimage","url":"https:\/\/tantraestonia.ee\/wp-content\/uploads\/2017\/09\/Kinkekaart-e1509988534812.jpg","contentUrl":"https:\/\/tantraestonia.ee\/wp-content\/uploads\/2017\/09\/Kinkekaart-e1509988534812.jpg","width":856,"height":600},{"@type":"BreadcrumbList","@id":"https:\/\/tantraestonia.ee\/toode\/kinkekaart\/#breadcrumb","itemListElement":[{"@type":"ListItem","position":1,"name":"Home","item":"https:\/\/tantraestonia.ee\/en\/"},{"@type":"ListItem","position":2,"name":"Pood","item":"https:\/\/tantraestonia.ee\/en\/shop\/"},{"@type":"ListItem","position":3,"name":"Gift card"}]},{"@type":"WebSite","@id":"https:\/\/tantraestonia.ee\/#website","url":"https:\/\/tantraestonia.ee\/","name":"TANTRA ESTONIA","description":"Tantra m\u00e4ngud Tallinnas","publisher":{"@id":"https:\/\/tantraestonia.ee\/#\/schema\/person\/89a3742b25ff38166d0895a300a1d54d"},"potentialAction":[{"@type":"SearchAction","target":{"@type":"EntryPoint","urlTemplate":"https:\/\/tantraestonia.ee\/?s={search_term_string}"},"query-input":{"@type":"PropertyValueSpecification","valueRequired":true,"valueName":"search_term_string"}}],"inLanguage":"en-US"},{"@type":["Person","Organization"],"@id":"https:\/\/tantraestonia.ee\/#\/schema\/person\/89a3742b25ff38166d0895a300a1d54d","name":"Kristina","image":{"@type":"ImageObject","inLanguage":"en-US","@id":"https:\/\/tantraestonia.ee\/#\/schema\/person\/image\/","url":"https:\/\/tantraestonia.ee\/wp-content\/uploads\/2017\/08\/3f8124047fede5e9662735e6e70e7137-e1505211085823.jpg","contentUrl":"https:\/\/tantraestonia.ee\/wp-content\/uploads\/2017\/08\/3f8124047fede5e9662735e6e70e7137-e1505211085823.jpg","width":1791,"height":1170,"caption":"Kristina"},"logo":{"@id":"https:\/\/tantraestonia.ee\/#\/schema\/person\/image\/"},"sameAs":["#","https:\/\/x.com\/#"]}]}},"_links":{"self":[{"href":"https:\/\/tantraestonia.ee\/en\/wp-json\/wp\/v2\/product\/73138","targetHints":{"allow":["GET"]}}],"collection":[{"href":"https:\/\/tantraestonia.ee\/en\/wp-json\/wp\/v2\/product"}],"about":[{"href":"https:\/\/tantraestonia.ee\/en\/wp-json\/wp\/v2\/types\/product"}],"wp:featuredmedia":[{"embeddable":true,"href":"https:\/\/tantraestonia.ee\/en\/wp-json\/wp\/v2\/media\/69747"}],"wp:attachment":[{"href":"https:\/\/tantraestonia.ee\/en\/wp-json\/wp\/v2\/media?parent=73138"}],"wp:term":[{"taxonomy":"product_brand","embeddable":true,"href":"https:\/\/tantraestonia.ee\/en\/wp-json\/wp\/v2\/product_brand?post=73138"},{"taxonomy":"product_cat","embeddable":true,"href":"https:\/\/tantraestonia.ee\/en\/wp-json\/wp\/v2\/product_cat?post=73138"},{"taxonomy":"product_tag","embeddable":true,"href":"https:\/\/tantraestonia.ee\/en\/wp-json\/wp\/v2\/product_tag?post=73138"},{"taxonomy":"giftcard-category","embeddable":true,"href":"https:\/\/tantraestonia.ee\/en\/wp-json\/wp\/v2\/giftcard-category?post=73138"}],"curies":[{"name":"wp","href":"https:\/\/api.w.org\/{rel}","templated":true}]}}