{"id":78071,"date":"2023-07-23T18:18:51","date_gmt":"2023-07-23T15:18:51","guid":{"rendered":"https:\/\/www.tantraestonia.ee\/?post_type=product&#038;p=78071"},"modified":"2024-07-01T17:42:02","modified_gmt":"2024-07-01T14:42:02","slug":"tule-keha-aktiveerimise-e-kursus","status":"publish","type":"product","link":"https:\/\/tantraestonia.ee\/ru\/toode\/tule-keha-aktiveerimise-e-kursus\/","title":{"rendered":"Tule keha aktiveerimise e-kursus"},"content":{"rendered":"","protected":false},"excerpt":{"rendered":"<h4>E-kursusel \u00f5pid<\/h4>\n<p><strong>Looma kontakti oma Tule kehaga.<\/strong><br \/>\nTaastama oma loomuliku \u00fchendust P\u00e4ikesega.<br \/>\n<strong>Aktiveerima oma f\u00fc\u00fcsilises kehas Tule keha osa \u2013 Har-kristalli.<\/strong><br \/>\nAvastad Har-kristalli uskumatuid,<br \/>\nkuid reaalseid v\u00f5imalusi spetsiaalsete praktikate abil.<\/p>\n<h4>Mis on oodatav tulemus?<\/h4>\n<p><strong>Lahendad oma tervise- ja finantsprobleemid<\/strong><br \/>\nMuutud ilusamaks, vastassugupoole jaoks ligit\u00f5mbavamaks, karismaatilisemaks<br \/>\n<strong>Avad endas seni teadmata anded ja talendid<\/strong><br \/>\nSaad enesekindlust ja inspiratsiooni uute projektide loomiseks<\/p>\n<h4>Mida e-kursus sisaldab<\/h4>\n<h5>E-kursus on inglise keeles.<\/h5>\n<p>Loeng 21, osa 1 &#8212; tekstifail<br \/>\n<strong>Meditatsioon &#8212; tekstifail<\/strong><br \/>\nMeditatsioon &#8212; videofail<br \/>\n<strong>Praktikad &#8212; tekstifail<\/strong><br \/>\nKursusel osalejate edulood &#8212; videofail<br \/>\n<strong>Kursusel juhtunud imed &#8212; videofail<\/strong><br \/>\nHar-Hor mudra t\u00e4iendused &#8212; tekstifail<\/p>\n<h4>NB! Tekstifailid ja videofailid on inglise keeles.<\/h4>\n<p><strong>Saadame Sulle e-kursuse 24 tunni jooksul peale tasumist.<\/strong><\/p>\n<h5>Ligip\u00e4\u00e4s e-kursusele on avatud 12 kuud.<\/h5>\n<h2 style=\"text-align: center;\"><a class=\"custom-link btn btn-xl border-width-0 btn-color-210407 btn-round btn-icon-left btn-ripple-out btn-border-animated\" href=\"https:\/\/tantraestonia.ee\/tule-keha-aktiveerimise-kursus\/\">Vaata tutvustavat videot<\/a><\/h2>\n","protected":false},"featured_media":78069,"template":"","meta":[],"product_brand":[],"product_cat":[103],"product_tag":[137,139,148,149,150,151],"giftcard-category":[],"class_list":{"0":"post-78071","1":"product","2":"type-product","3":"status-publish","4":"has-post-thumbnail","6":"product_cat-oppevideod-ru","7":"product_tag-koolitus-ru","8":"product_tag-video-ru","9":"product_tag-ilu-ru","10":"product_tag-kursus-ru","11":"product_tag-tervis-ru","12":"product_tag-tule-keha-ru","14":"first","15":"instock","16":"virtual","17":"purchasable","18":"product-type-simple"},"yoast_head":"<!-- This site is optimized with the Yoast SEO plugin v26.8 - https:\/\/yoast.com\/product\/yoast-seo-wordpress\/ -->\n<title>Tule keha aktiveerimise e-kursus - TANTRA ESTONIA<\/title>\n<meta name=\"description\" content=\"Tule keha aktiveerimise e-kursusel \u00f5pid looma kontakti oma Tule kehaga. Taastad oma loomuliku \u00fchenduste P\u00e4ikesega. Aktiveerid oma kehas Har kristalli.\" \/>\n<meta name=\"robots\" content=\"index, follow, max-snippet:-1, max-image-preview:large, max-video-preview:-1\" \/>\n<link rel=\"canonical\" href=\"https:\/\/tantraestonia.ee\/toode\/tule-keha-aktiveerimise-e-kursus\/\" \/>\n<meta property=\"og:locale\" content=\"ru_RU\" \/>\n<meta property=\"og:type\" content=\"article\" \/>\n<meta property=\"og:title\" content=\"Tule keha aktiveerimise e-kursus - TANTRA ESTONIA\" \/>\n<meta property=\"og:description\" content=\"Tule keha aktiveerimise e-kursusel \u00f5pid looma kontakti oma Tule kehaga. Taastad oma loomuliku \u00fchenduste P\u00e4ikesega. Aktiveerid oma kehas Har kristalli.\" \/>\n<meta property=\"og:url\" content=\"https:\/\/tantraestonia.ee\/toode\/tule-keha-aktiveerimise-e-kursus\/\" \/>\n<meta property=\"og:site_name\" content=\"TANTRA ESTONIA\" \/>\n<meta property=\"article:publisher\" content=\"#\" \/>\n<meta property=\"article:modified_time\" content=\"2024-07-01T14:42:02+00:00\" \/>\n<meta property=\"og:image\" content=\"https:\/\/tantraestonia.ee\/wp-content\/uploads\/2023\/07\/Tule_keha_aktiveerimise_kursus_18-01-23.png\" \/>\n\t<meta property=\"og:image:width\" content=\"960\" \/>\n\t<meta property=\"og:image:height\" content=\"940\" \/>\n\t<meta property=\"og:image:type\" content=\"image\/png\" \/>\n<meta name=\"twitter:card\" content=\"summary_large_image\" \/>\n<script type=\"application\/ld+json\" class=\"yoast-schema-graph\">{\"@context\":\"https:\/\/schema.org\",\"@graph\":[{\"@type\":\"WebPage\",\"@id\":\"https:\/\/tantraestonia.ee\/toode\/tule-keha-aktiveerimise-e-kursus\/\",\"url\":\"https:\/\/tantraestonia.ee\/toode\/tule-keha-aktiveerimise-e-kursus\/\",\"name\":\"Tule keha aktiveerimise e-kursus - TANTRA ESTONIA\",\"isPartOf\":{\"@id\":\"https:\/\/tantraestonia.ee\/#website\"},\"primaryImageOfPage\":{\"@id\":\"https:\/\/tantraestonia.ee\/toode\/tule-keha-aktiveerimise-e-kursus\/#primaryimage\"},\"image\":{\"@id\":\"https:\/\/tantraestonia.ee\/toode\/tule-keha-aktiveerimise-e-kursus\/#primaryimage\"},\"thumbnailUrl\":\"https:\/\/tantraestonia.ee\/wp-content\/uploads\/2023\/07\/Tule_keha_aktiveerimise_kursus_18-01-23.png\",\"datePublished\":\"2023-07-23T15:18:51+00:00\",\"dateModified\":\"2024-07-01T14:42:02+00:00\",\"description\":\"Tule keha aktiveerimise e-kursusel \u00f5pid looma kontakti oma Tule kehaga. Taastad oma loomuliku \u00fchenduste P\u00e4ikesega. Aktiveerid oma kehas Har kristalli.\",\"breadcrumb\":{\"@id\":\"https:\/\/tantraestonia.ee\/toode\/tule-keha-aktiveerimise-e-kursus\/#breadcrumb\"},\"inLanguage\":\"ru-RU\",\"potentialAction\":[{\"@type\":\"ReadAction\",\"target\":[\"https:\/\/tantraestonia.ee\/toode\/tule-keha-aktiveerimise-e-kursus\/\"]}]},{\"@type\":\"ImageObject\",\"inLanguage\":\"ru-RU\",\"@id\":\"https:\/\/tantraestonia.ee\/toode\/tule-keha-aktiveerimise-e-kursus\/#primaryimage\",\"url\":\"https:\/\/tantraestonia.ee\/wp-content\/uploads\/2023\/07\/Tule_keha_aktiveerimise_kursus_18-01-23.png\",\"contentUrl\":\"https:\/\/tantraestonia.ee\/wp-content\/uploads\/2023\/07\/Tule_keha_aktiveerimise_kursus_18-01-23.png\",\"width\":960,\"height\":940,\"caption\":\"Tule_keha_aktiveerimise_kursus_18-01-23\"},{\"@type\":\"BreadcrumbList\",\"@id\":\"https:\/\/tantraestonia.ee\/toode\/tule-keha-aktiveerimise-e-kursus\/#breadcrumb\",\"itemListElement\":[{\"@type\":\"ListItem\",\"position\":1,\"name\":\"Home\",\"item\":\"https:\/\/tantraestonia.ee\/ru\/\"},{\"@type\":\"ListItem\",\"position\":2,\"name\":\"Pood\",\"item\":\"https:\/\/tantraestonia.ee\/en\/shop\/\"},{\"@type\":\"ListItem\",\"position\":3,\"name\":\"Tule keha aktiveerimise e-kursus\"}]},{\"@type\":\"WebSite\",\"@id\":\"https:\/\/tantraestonia.ee\/#website\",\"url\":\"https:\/\/tantraestonia.ee\/\",\"name\":\"TANTRA ESTONIA\",\"description\":\"Tantra massaa\u017e ja Tantra koolitused Tallinnas\",\"publisher\":{\"@id\":\"https:\/\/tantraestonia.ee\/#\/schema\/person\/89a3742b25ff38166d0895a300a1d54d\"},\"potentialAction\":[{\"@type\":\"SearchAction\",\"target\":{\"@type\":\"EntryPoint\",\"urlTemplate\":\"https:\/\/tantraestonia.ee\/?s={search_term_string}\"},\"query-input\":{\"@type\":\"PropertyValueSpecification\",\"valueRequired\":true,\"valueName\":\"search_term_string\"}}],\"inLanguage\":\"ru-RU\"},{\"@type\":[\"Person\",\"Organization\"],\"@id\":\"https:\/\/tantraestonia.ee\/#\/schema\/person\/89a3742b25ff38166d0895a300a1d54d\",\"name\":\"Kristina\",\"image\":{\"@type\":\"ImageObject\",\"inLanguage\":\"ru-RU\",\"@id\":\"https:\/\/tantraestonia.ee\/#\/schema\/person\/image\/\",\"url\":\"https:\/\/tantraestonia.ee\/wp-content\/uploads\/2017\/08\/3f8124047fede5e9662735e6e70e7137-e1505211085823.jpg\",\"contentUrl\":\"https:\/\/tantraestonia.ee\/wp-content\/uploads\/2017\/08\/3f8124047fede5e9662735e6e70e7137-e1505211085823.jpg\",\"width\":1791,\"height\":1170,\"caption\":\"Kristina\"},\"logo\":{\"@id\":\"https:\/\/tantraestonia.ee\/#\/schema\/person\/image\/\"},\"sameAs\":[\"#\",\"https:\/\/x.com\/#\"]}]}<\/script>\n<!-- \/ Yoast SEO plugin. -->","yoast_head_json":{"title":"Tule keha aktiveerimise e-kursus - TANTRA ESTONIA","description":"Tule keha aktiveerimise e-kursusel \u00f5pid looma kontakti oma Tule kehaga. Taastad oma loomuliku \u00fchenduste P\u00e4ikesega. Aktiveerid oma kehas Har kristalli.","robots":{"index":"index","follow":"follow","max-snippet":"max-snippet:-1","max-image-preview":"max-image-preview:large","max-video-preview":"max-video-preview:-1"},"canonical":"https:\/\/tantraestonia.ee\/toode\/tule-keha-aktiveerimise-e-kursus\/","og_locale":"ru_RU","og_type":"article","og_title":"Tule keha aktiveerimise e-kursus - TANTRA ESTONIA","og_description":"Tule keha aktiveerimise e-kursusel \u00f5pid looma kontakti oma Tule kehaga. Taastad oma loomuliku \u00fchenduste P\u00e4ikesega. Aktiveerid oma kehas Har kristalli.","og_url":"https:\/\/tantraestonia.ee\/toode\/tule-keha-aktiveerimise-e-kursus\/","og_site_name":"TANTRA ESTONIA","article_publisher":"#","article_modified_time":"2024-07-01T14:42:02+00:00","og_image":[{"width":960,"height":940,"url":"https:\/\/tantraestonia.ee\/wp-content\/uploads\/2023\/07\/Tule_keha_aktiveerimise_kursus_18-01-23.png","type":"image\/png"}],"twitter_card":"summary_large_image","schema":{"@context":"https:\/\/schema.org","@graph":[{"@type":"WebPage","@id":"https:\/\/tantraestonia.ee\/toode\/tule-keha-aktiveerimise-e-kursus\/","url":"https:\/\/tantraestonia.ee\/toode\/tule-keha-aktiveerimise-e-kursus\/","name":"Tule keha aktiveerimise e-kursus - TANTRA ESTONIA","isPartOf":{"@id":"https:\/\/tantraestonia.ee\/#website"},"primaryImageOfPage":{"@id":"https:\/\/tantraestonia.ee\/toode\/tule-keha-aktiveerimise-e-kursus\/#primaryimage"},"image":{"@id":"https:\/\/tantraestonia.ee\/toode\/tule-keha-aktiveerimise-e-kursus\/#primaryimage"},"thumbnailUrl":"https:\/\/tantraestonia.ee\/wp-content\/uploads\/2023\/07\/Tule_keha_aktiveerimise_kursus_18-01-23.png","datePublished":"2023-07-23T15:18:51+00:00","dateModified":"2024-07-01T14:42:02+00:00","description":"Tule keha aktiveerimise e-kursusel \u00f5pid looma kontakti oma Tule kehaga. Taastad oma loomuliku \u00fchenduste P\u00e4ikesega. Aktiveerid oma kehas Har kristalli.","breadcrumb":{"@id":"https:\/\/tantraestonia.ee\/toode\/tule-keha-aktiveerimise-e-kursus\/#breadcrumb"},"inLanguage":"ru-RU","potentialAction":[{"@type":"ReadAction","target":["https:\/\/tantraestonia.ee\/toode\/tule-keha-aktiveerimise-e-kursus\/"]}]},{"@type":"ImageObject","inLanguage":"ru-RU","@id":"https:\/\/tantraestonia.ee\/toode\/tule-keha-aktiveerimise-e-kursus\/#primaryimage","url":"https:\/\/tantraestonia.ee\/wp-content\/uploads\/2023\/07\/Tule_keha_aktiveerimise_kursus_18-01-23.png","contentUrl":"https:\/\/tantraestonia.ee\/wp-content\/uploads\/2023\/07\/Tule_keha_aktiveerimise_kursus_18-01-23.png","width":960,"height":940,"caption":"Tule_keha_aktiveerimise_kursus_18-01-23"},{"@type":"BreadcrumbList","@id":"https:\/\/tantraestonia.ee\/toode\/tule-keha-aktiveerimise-e-kursus\/#breadcrumb","itemListElement":[{"@type":"ListItem","position":1,"name":"Home","item":"https:\/\/tantraestonia.ee\/ru\/"},{"@type":"ListItem","position":2,"name":"Pood","item":"https:\/\/tantraestonia.ee\/en\/shop\/"},{"@type":"ListItem","position":3,"name":"Tule keha aktiveerimise e-kursus"}]},{"@type":"WebSite","@id":"https:\/\/tantraestonia.ee\/#website","url":"https:\/\/tantraestonia.ee\/","name":"TANTRA ESTONIA","description":"Tantra massaa\u017e ja Tantra koolitused Tallinnas","publisher":{"@id":"https:\/\/tantraestonia.ee\/#\/schema\/person\/89a3742b25ff38166d0895a300a1d54d"},"potentialAction":[{"@type":"SearchAction","target":{"@type":"EntryPoint","urlTemplate":"https:\/\/tantraestonia.ee\/?s={search_term_string}"},"query-input":{"@type":"PropertyValueSpecification","valueRequired":true,"valueName":"search_term_string"}}],"inLanguage":"ru-RU"},{"@type":["Person","Organization"],"@id":"https:\/\/tantraestonia.ee\/#\/schema\/person\/89a3742b25ff38166d0895a300a1d54d","name":"Kristina","image":{"@type":"ImageObject","inLanguage":"ru-RU","@id":"https:\/\/tantraestonia.ee\/#\/schema\/person\/image\/","url":"https:\/\/tantraestonia.ee\/wp-content\/uploads\/2017\/08\/3f8124047fede5e9662735e6e70e7137-e1505211085823.jpg","contentUrl":"https:\/\/tantraestonia.ee\/wp-content\/uploads\/2017\/08\/3f8124047fede5e9662735e6e70e7137-e1505211085823.jpg","width":1791,"height":1170,"caption":"Kristina"},"logo":{"@id":"https:\/\/tantraestonia.ee\/#\/schema\/person\/image\/"},"sameAs":["#","https:\/\/x.com\/#"]}]}},"_links":{"self":[{"href":"https:\/\/tantraestonia.ee\/ru\/wp-json\/wp\/v2\/product\/78071","targetHints":{"allow":["GET"]}}],"collection":[{"href":"https:\/\/tantraestonia.ee\/ru\/wp-json\/wp\/v2\/product"}],"about":[{"href":"https:\/\/tantraestonia.ee\/ru\/wp-json\/wp\/v2\/types\/product"}],"wp:featuredmedia":[{"embeddable":true,"href":"https:\/\/tantraestonia.ee\/ru\/wp-json\/wp\/v2\/media\/78069"}],"wp:attachment":[{"href":"https:\/\/tantraestonia.ee\/ru\/wp-json\/wp\/v2\/media?parent=78071"}],"wp:term":[{"taxonomy":"product_brand","embeddable":true,"href":"https:\/\/tantraestonia.ee\/ru\/wp-json\/wp\/v2\/product_brand?post=78071"},{"taxonomy":"product_cat","embeddable":true,"href":"https:\/\/tantraestonia.ee\/ru\/wp-json\/wp\/v2\/product_cat?post=78071"},{"taxonomy":"product_tag","embeddable":true,"href":"https:\/\/tantraestonia.ee\/ru\/wp-json\/wp\/v2\/product_tag?post=78071"},{"taxonomy":"giftcard-category","embeddable":true,"href":"https:\/\/tantraestonia.ee\/ru\/wp-json\/wp\/v2\/giftcard-category?post=78071"}],"curies":[{"name":"wp","href":"https:\/\/api.w.org\/{rel}","templated":true}]}}